{"id":71,"date":"2018-12-21T17:55:20","date_gmt":"2018-12-21T17:55:20","guid":{"rendered":"https:\/\/the7.io\/g-creative\/?page_id=8"},"modified":"2021-10-28T18:21:25","modified_gmt":"2021-10-28T18:21:25","slug":"servicios","status":"publish","type":"page","link":"https:\/\/fysgroup.cl\/index.php\/servicios\/","title":{"rendered":"Servicios"},"content":{"rendered":"\n<div class=\"wp-block-media-text alignwide is-stacked-on-mobile\"><figure class=\"wp-block-media-text__media\"><img loading=\"lazy\" width=\"1024\" height=\"768\" src=\"https:\/\/fysgroup.cl\/wp-content\/uploads\/2021\/10\/ban4-1024x768.jpg\" alt=\"\" class=\"wp-image-436 size-full\" srcset=\"https:\/\/fysgroup.cl\/wp-content\/uploads\/2021\/10\/ban4-1024x768.jpg 1024w, https:\/\/fysgroup.cl\/wp-content\/uploads\/2021\/10\/ban4-300x225.jpg 300w, https:\/\/fysgroup.cl\/wp-content\/uploads\/2021\/10\/ban4-768x576.jpg 768w, https:\/\/fysgroup.cl\/wp-content\/uploads\/2021\/10\/ban4.jpg 1200w\" sizes=\"(max-width: 1024px) 100vw, 1024px\" \/><\/figure><div class=\"wp-block-media-text__content\">\n<h3>Arriendo de Ba\u00f1o Qu\u00edmico<\/h3>\n\n\n\n<p>\u00bfNecesitas un Ba\u00f1o Qu\u00edmico?. Lo llevamos a donde tu empresa lo necesite. <\/p>\n\n\n\n<p>F &amp; S GROUP Chile, cuenta con el servicio de arriendo de BA\u00d1OS QU\u00cdMICOS para distintos eventos y necesidades de tu empresa. Contamos con equipamiento adecuado para satisfacer las exigencias de nuestros clientes.<\/p>\n\n\n\n<p>Disponibilidad para todo Antofagasta, Mejillones, Calama,  Sector La Negra.<\/p>\n<\/div><\/div>\n\n\n\n<div class=\"wp-block-media-text alignwide has-media-on-the-right is-stacked-on-mobile\"><figure class=\"wp-block-media-text__media\"><img loading=\"lazy\" width=\"1024\" height=\"864\" src=\"https:\/\/fysgroup.cl\/wp-content\/uploads\/2021\/10\/11-1-1024x864.jpeg\" alt=\"\" class=\"wp-image-440 size-full\" srcset=\"https:\/\/fysgroup.cl\/wp-content\/uploads\/2021\/10\/11-1-1024x864.jpeg 1024w, https:\/\/fysgroup.cl\/wp-content\/uploads\/2021\/10\/11-1-300x253.jpeg 300w, https:\/\/fysgroup.cl\/wp-content\/uploads\/2021\/10\/11-1-768x648.jpeg 768w, https:\/\/fysgroup.cl\/wp-content\/uploads\/2021\/10\/11-1.jpeg 1200w\" sizes=\"(max-width: 1024px) 100vw, 1024px\" \/><\/figure><div class=\"wp-block-media-text__content\">\n<h3>Mantenci\u00f3n de Ba\u00f1os Qu\u00edmicos<\/h3>\n\n\n\n<p>Servicio comprende:<\/p>\n\n\n\n<p>1.- Extracci\u00f3n de los s\u00f3lidos<\/p>\n\n\n\n<p>2.- Desinfecci\u00f3n del ba\u00f1o<\/p>\n\n\n\n<p>3.- Sacar los papeles higi\u00e9nicos del papelero<\/p>\n\n\n\n<p>4.- Cargar de agua a los estanques<\/p>\n\n\n\n<p>5.- Incorporar la dosis de producto qu\u00edmico para las sustancias contaminantes.<\/p>\n\n\n\n<p><\/p>\n\n\n\n<p><\/p>\n\n\n\n<p><\/p>\n\n\n\n<p><\/p>\n\n\n\n<p><\/p>\n<\/div><\/div>\n\n\n\n<div class=\"wp-block-media-text alignwide is-stacked-on-mobile\"><figure class=\"wp-block-media-text__media\"><img loading=\"lazy\" width=\"480\" height=\"331\" src=\"https:\/\/fysgroup.cl\/wp-content\/uploads\/2021\/10\/fosa1.jpg\" alt=\"\" class=\"wp-image-444 size-full\" srcset=\"https:\/\/fysgroup.cl\/wp-content\/uploads\/2021\/10\/fosa1.jpg 480w, https:\/\/fysgroup.cl\/wp-content\/uploads\/2021\/10\/fosa1-300x207.jpg 300w\" sizes=\"(max-width: 480px) 100vw, 480px\" \/><\/figure><div class=\"wp-block-media-text__content\">\n<h3>Limpieza de Fosas S\u00e9pticas<\/h3>\n\n\n\n<p>Servicio de limpieza de fosas o ductos obstruidos con estanques m\u00f3viles de distintas capacidades o flota de camiones Hidrojet, limpia fosas y desobturador de ductos.<\/p>\n\n\n\n<p><br>Contamos con una amplia gama de equipos para la limpieza de fosas o ductos obstruidos, estanques m\u00f3viles de distintas capacidades en m3 para efectuar la limpiezas de los ductos obstruidos o bien camiones con equipos fijos de alta capacidad.<\/p>\n\n\n\n<p><br>Equipamiento:<br>Cami\u00f3n con Estanque M\u00f3vil para Fosas<\/p>\n<\/div><\/div>\n\n\n\n<div style=\"height:70px\" aria-hidden=\"true\" class=\"wp-block-spacer\"><\/div>\n\n\n\n<div style=\"height:10px\" aria-hidden=\"true\" class=\"wp-block-spacer\"><\/div>\n\n\n\n<div class=\"wp-container-1 wp-block-buttons is-content-justification-center\">\n<div class=\"wp-block-button aligncenter\"><a class=\"wp-block-button__link has-accent-background-color has-background no-border-radius\" href=\"\/g-creative\/contact\/\">Cont\u00e1ctenos<\/a><\/div>\n<\/div>\n\n\n\n<p><\/p>\n","protected":false},"excerpt":{"rendered":"<p>Arriendo de Ba\u00f1o Qu\u00edmico \u00bfNecesitas un Ba\u00f1o Qu\u00edmico?. Lo llevamos a donde tu empresa lo necesite. F &amp; S GROUP Chile, cuenta con el servicio de arriendo de BA\u00d1OS QU\u00cdMICOS para distintos eventos y necesidades de tu empresa. Contamos con equipamiento adecuado para satisfacer las exigencias de nuestros clientes. Disponibilidad para todo Antofagasta, Mejillones, Calama,&hellip;<\/p>\n","protected":false},"author":1,"featured_media":0,"parent":0,"menu_order":30,"comment_status":"closed","ping_status":"closed","template":"","meta":{"om_disable_all_campaigns":false,"_monsterinsights_skip_tracking":false,"_monsterinsights_sitenote_active":false,"_monsterinsights_sitenote_note":"","_monsterinsights_sitenote_category":0},"_links":{"self":[{"href":"https:\/\/fysgroup.cl\/index.php\/wp-json\/wp\/v2\/pages\/71"}],"collection":[{"href":"https:\/\/fysgroup.cl\/index.php\/wp-json\/wp\/v2\/pages"}],"about":[{"href":"https:\/\/fysgroup.cl\/index.php\/wp-json\/wp\/v2\/types\/page"}],"author":[{"embeddable":true,"href":"https:\/\/fysgroup.cl\/index.php\/wp-json\/wp\/v2\/users\/1"}],"replies":[{"embeddable":true,"href":"https:\/\/fysgroup.cl\/index.php\/wp-json\/wp\/v2\/comments?post=71"}],"version-history":[{"count":5,"href":"https:\/\/fysgroup.cl\/index.php\/wp-json\/wp\/v2\/pages\/71\/revisions"}],"predecessor-version":[{"id":446,"href":"https:\/\/fysgroup.cl\/index.php\/wp-json\/wp\/v2\/pages\/71\/revisions\/446"}],"wp:attachment":[{"href":"https:\/\/fysgroup.cl\/index.php\/wp-json\/wp\/v2\/media?parent=71"}],"curies":[{"name":"wp","href":"https:\/\/api.w.org\/{rel}","templated":true}]}}