{"id":70,"date":"2018-12-21T17:54:57","date_gmt":"2018-12-21T17:54:57","guid":{"rendered":"https:\/\/the7.io\/g-creative\/?page_id=6"},"modified":"2021-10-28T18:04:38","modified_gmt":"2021-10-28T18:04:38","slug":"quienes-somos","status":"publish","type":"page","link":"https:\/\/fysgroup.cl\/index.php\/quienes-somos\/","title":{"rendered":"Qui\u00e9nes Somos"},"content":{"rendered":"<p>[vc_row][vc_column][vc_column_text]<\/p>\r\n<div class=\"wp-block-media-text alignwide has-media-on-the-right is-stacked-on-mobile has-background\" style=\"background-color: #f7f7f6; grid-template-columns: auto 35%;\">\r\n<figure class=\"wp-block-media-text__media\"><img loading=\"lazy\" class=\"alignnone wp-image-434 size-medium\" src=\"https:\/\/fysgroup.cl\/wp-content\/uploads\/2021\/10\/8-225x300.jpeg\" alt=\"\" width=\"225\" height=\"300\" srcset=\"https:\/\/fysgroup.cl\/wp-content\/uploads\/2021\/10\/8-225x300.jpeg 225w, https:\/\/fysgroup.cl\/wp-content\/uploads\/2021\/10\/8-768x1023.jpeg 768w, https:\/\/fysgroup.cl\/wp-content\/uploads\/2021\/10\/8-300x400.jpeg 300w, https:\/\/fysgroup.cl\/wp-content\/uploads\/2021\/10\/8-1153x1536.jpeg 1153w, https:\/\/fysgroup.cl\/wp-content\/uploads\/2021\/10\/8.jpeg 1200w\" sizes=\"(max-width: 225px) 100vw, 225px\" \/><\/figure>\r\n<div class=\"wp-block-media-text__content\">\r\n<div class=\"wp-block-spacer\" style=\"height: 30px;\" aria-hidden=\"true\">\u00a0<\/div>\r\n\r\n\r\n\r\n<h2>F &amp; S Group Chile<\/h2>\r\n\r\n\r\n\r\n<p class=\"has-accent-color has-text-color\" style=\"font-size: 22px;\"><strong>Experiencia en el Rubro Sanitario para el Norte de Chile<\/strong><\/p>\r\n\r\n<p>Somos una empresa familiar con gran experiencia en el rubro sanitario, comprometida con el medio ambiente.<\/p>\r\n\r\n\r\n\r\n<p class=\"has-text-align-left has-text-align-justify\">Nuestro principal objetivo es: <strong><em>\u201cSatisfacer las necesidades de nuestros clientes, suministr\u00e1ndoles soluciones integrales para el manejo, recolecci\u00f3n, transporte, valorizaci\u00f3n y eliminaci\u00f3n de residuos s\u00f3lidos y l\u00edquidos\u201d.<\/em><\/strong><\/p>\r\n\r\n<p>Ofrecemos los servicios de Arriendo y Mantenci\u00f3n de sanitarios port\u00e1tiles y limpieza de Fosas S\u00e9pticas.<\/p>\r\n\r\n<p>En F&amp;S, nos preocupamos de entregar un servicio \u00edntegro y que abarque todas las necesidades de nuestros clientes.<\/p>\r\n\r\n<p>Servicios a faenas mineras y en la ciudad de Antofagasta, Mejillones, Sector La Negra.<\/p>\r\n\r\n\r\n\r\n<p class=\"has-text-align-justify\">Disponemos e instalamos ba\u00f1os qu\u00edmicos completamente equipados con lavamanos, dispensador de jab\u00f3n l\u00edquido, y papel higi\u00e9nico. La Mantenci\u00f3n consiste en retiro programado de residuos, aseo, desinfecci\u00f3n y aromatizaci\u00f3n interior, utilizando productos disgregantes biol\u00f3gico de materia org\u00e1nica, evitando da\u00f1os al medioambiente.<\/p>\r\n\r\n<p>Nuestro equipamiento, est\u00e1 Certificado y con est\u00e1ndar minero.<\/p>\r\n\r\n\r\n\r\n<div class=\"wp-block-spacer\" style=\"height: 20px;\" aria-hidden=\"true\">\u00a0<\/div>\r\n\r\n\r\n\r\n<div class=\"wp-container-1 wp-block-buttons\">\r\n<div class=\"wp-block-button\"><a class=\"wp-block-button__link has-white-color has-accent-background-color has-text-color has-background no-border-radius\" href=\"\/g-creative\/contact\/\">Cont\u00e1ctenos<\/a><\/div>\r\n<\/div>\r\n\r\n\r\n\r\n<div class=\"wp-block-spacer\" style=\"height: 20px;\" aria-hidden=\"true\">\u00a0<\/div>\r\n<\/div>\r\n<\/div>\r\n\r\n<p>&nbsp;<\/p>\r\n\r\n<div class=\"wp-block-spacer\" style=\"height: 50px;\" aria-hidden=\"true\">\u00a0<\/div>\r\n\r\n<p>&nbsp;<\/p>\r\n\r\n<h3 class=\"has-text-align-center\">Creemos en la Calidad de lo que hacemos&#8230;.<\/h3>\r\n\r\n<p>&nbsp;<\/p>\r\n\r\n<div class=\"wp-block-spacer\" style=\"height: 40px;\" aria-hidden=\"true\">\u00a0<\/div>\r\n\r\n<p>&nbsp;<\/p>\r\n\r\n<div class=\"wp-block-columns has-2-columns\">\r\n<div class=\"wp-block-column\">\r\n<blockquote class=\"wp-block-quote\">\r\n<p>Aplicamos todo nuestro conocimiento y \u00e9tica de trabajo.<\/p>\r\n<p><cite>#Servicios de retiro programado.<\/cite><\/p>\r\n<\/blockquote>\r\n\r\n\r\n\r\n<div class=\"wp-block-spacer\" style=\"height: 20px;\" aria-hidden=\"true\">\u00a0<\/div>\r\n<\/div>\r\n\r\n\r\n\r\n<div class=\"wp-block-column\">\r\n<blockquote class=\"wp-block-quote\">\r\n<p>Respetamos la normativa sanitaria por parte de la Serem\u00eda de Salud Antofagasta<\/p>\r\n<p><cite>#Planes de manejo de resiguos.<\/cite><\/p>\r\n<\/blockquote>\r\n\r\n\r\n\r\n<div class=\"wp-block-spacer\" style=\"height: 20px;\" aria-hidden=\"true\">\u00a0<\/div>\r\n<\/div>\r\n<\/div>\r\n\r\n<p>&nbsp;<\/p>\r\n\r\n<div class=\"wp-block-columns has-2-columns\">\r\n<div class=\"wp-block-column\">\r\n<blockquote class=\"wp-block-quote\">\r\n<p>Disposici\u00f3n Final de Residuos<\/p>\r\n<p><cite>#Gestionamos Asesor\u00eda ambientales<\/cite><\/p>\r\n<\/blockquote>\r\n\r\n\r\n\r\n<div class=\"wp-block-spacer\" style=\"height: 20px;\" aria-hidden=\"true\">\u00a0<\/div>\r\n<\/div>\r\n\r\n\r\n\r\n<div class=\"wp-block-column\">\r\n<blockquote class=\"wp-block-quote\">\r\n<p>Camiones y Equipos Autorizados<\/p>\r\n<p><cite>#Seguridad con Est\u00e1ndar minero y seguridad vial mediante GPRS.<\/cite><\/p>\r\n<\/blockquote>\r\n\r\n\r\n\r\n<div class=\"wp-block-spacer\" style=\"height: 20px;\" aria-hidden=\"true\">\u00a0<\/div>\r\n<\/div>\r\n<\/div>\r\n\r\n<p>&nbsp;<\/p>\r\n\r\n<div class=\"wp-block-spacer\" style=\"height: 20px;\" aria-hidden=\"true\">\u00a0<\/div>\r\n\r\n<p>&nbsp;<\/p>\r\n\r\n<div class=\"wp-block-spacer\" style=\"height: 40px;\" aria-hidden=\"true\">\u00a0<\/div>\r\n\r\n<p>&nbsp;<\/p>\r\n\r\n<div class=\"wp-block-spacer\" style=\"height: 20px;\" aria-hidden=\"true\">\u00a0<\/div>\r\n\r\n<p>&nbsp;<\/p>\r\n\r\n<p class=\"has-text-align-center has-accent-color has-text-color\" style=\"font-size: 24px;\"><strong>Tienes alg\u00fan requerimiento para nosotros!<\/strong><\/p>\r\n\r\n<p>&nbsp;<\/p>\r\n\r\n<h2 class=\"has-text-align-center\">Escr\u00edbenos o ll\u00e1manos&#8230;<\/h2>\r\n\r\n<p>&nbsp;<\/p>\r\n\r\n<div class=\"wp-block-spacer\" style=\"height: 10px;\" aria-hidden=\"true\">\u00a0<\/div>\r\n\r\n<p>&nbsp;<\/p>\r\n\r\n<div class=\"wp-container-2 wp-block-buttons is-content-justification-center\">\r\n<div class=\"wp-block-button aligncenter\"><a class=\"wp-block-button__link has-white-color has-accent-background-color has-text-color has-background no-border-radius\" href=\"\/g-creative\/contact\/\">Cont\u00e1ctenos<\/a><\/div>\r\n<\/div>\r\n\r\n<p>&nbsp;<\/p>\r\n<p>[\/vc_column_text][\/vc_column][\/vc_row]<\/p>","protected":false},"excerpt":{"rendered":"<p>[vc_row][vc_column][vc_column_text] &nbsp; &nbsp; Creemos en la Calidad de lo que hacemos&#8230;. &nbsp; &nbsp; Aplicamos todo nuestro conocimiento y \u00e9tica de trabajo. #Servicios de retiro programado. Respetamos la normativa sanitaria por parte de la Serem\u00eda de Salud Antofagasta #Planes de manejo de resiguos. &nbsp; Disposici\u00f3n Final de Residuos #Gestionamos Asesor\u00eda ambientales Camiones y Equipos Autorizados #Seguridad&hellip;<\/p>\n","protected":false},"author":1,"featured_media":0,"parent":0,"menu_order":20,"comment_status":"closed","ping_status":"closed","template":"","meta":{"om_disable_all_campaigns":false,"_monsterinsights_skip_tracking":false,"_monsterinsights_sitenote_active":false,"_monsterinsights_sitenote_note":"","_monsterinsights_sitenote_category":0},"_links":{"self":[{"href":"https:\/\/fysgroup.cl\/index.php\/wp-json\/wp\/v2\/pages\/70"}],"collection":[{"href":"https:\/\/fysgroup.cl\/index.php\/wp-json\/wp\/v2\/pages"}],"about":[{"href":"https:\/\/fysgroup.cl\/index.php\/wp-json\/wp\/v2\/types\/page"}],"author":[{"embeddable":true,"href":"https:\/\/fysgroup.cl\/index.php\/wp-json\/wp\/v2\/users\/1"}],"replies":[{"embeddable":true,"href":"https:\/\/fysgroup.cl\/index.php\/wp-json\/wp\/v2\/comments?post=70"}],"version-history":[{"count":6,"href":"https:\/\/fysgroup.cl\/index.php\/wp-json\/wp\/v2\/pages\/70\/revisions"}],"predecessor-version":[{"id":435,"href":"https:\/\/fysgroup.cl\/index.php\/wp-json\/wp\/v2\/pages\/70\/revisions\/435"}],"wp:attachment":[{"href":"https:\/\/fysgroup.cl\/index.php\/wp-json\/wp\/v2\/media?parent=70"}],"curies":[{"name":"wp","href":"https:\/\/api.w.org\/{rel}","templated":true}]}}